{"id":389,"date":"2022-10-14T17:28:05","date_gmt":"2022-10-14T15:28:05","guid":{"rendered":"https:\/\/smart-it.org\/life-is-live\/?page_id=389"},"modified":"2023-12-15T14:15:44","modified_gmt":"2023-12-15T13:15:44","slug":"invia-il-tuo-progetto","status":"publish","type":"page","link":"https:\/\/smartit.coop\/life-is-live\/invia-il-tuo-progetto\/","title":{"rendered":"Invia il tuo progetto"},"content":{"rendered":"\n<p>Il bando\u00a0<em>Life is Live\u00a0<\/em>\u00e8 ormai giunto alla sua conclusione e non \u00e8 pi\u00f9 possibile inviare la propria candidatura. Per tenersi aggiornati in merito ad una eventuale nuova edizione e, pi\u00f9 in generale, per essere informati delle prossime iniziative di Smart suggeriamo di iscriversi alla neswletter e di seguire Smart sui principali social networks<\/p>\n","protected":false},"excerpt":{"rendered":"<p>Il bando\u00a0Life is Live\u00a0\u00e8 ormai giunto alla sua conclusione e non \u00e8 pi\u00f9 possibile inviare la propria candidatura. Per tenersi aggiornati in merito ad una eventuale nuova edizione e, pi\u00f9 in generale, per essere informati delle prossime iniziative di Smart suggeriamo di iscriversi alla neswletter e di seguire Smart sui principali social networks<\/p>\n","protected":false},"author":5,"featured_media":518,"parent":0,"menu_order":0,"comment_status":"closed","ping_status":"closed","template":"pages\/page-invia-il-tuo-progetto.php","meta":{"_eb_attr":"","footnotes":""},"class_list":["post-389","page","type-page","status-publish","has-post-thumbnail","hentry"],"_links":{"self":[{"href":"https:\/\/smartit.coop\/life-is-live\/wp-json\/wp\/v2\/pages\/389","targetHints":{"allow":["GET"]}}],"collection":[{"href":"https:\/\/smartit.coop\/life-is-live\/wp-json\/wp\/v2\/pages"}],"about":[{"href":"https:\/\/smartit.coop\/life-is-live\/wp-json\/wp\/v2\/types\/page"}],"author":[{"embeddable":true,"href":"https:\/\/smartit.coop\/life-is-live\/wp-json\/wp\/v2\/users\/5"}],"replies":[{"embeddable":true,"href":"https:\/\/smartit.coop\/life-is-live\/wp-json\/wp\/v2\/comments?post=389"}],"version-history":[{"count":31,"href":"https:\/\/smartit.coop\/life-is-live\/wp-json\/wp\/v2\/pages\/389\/revisions"}],"predecessor-version":[{"id":2091,"href":"https:\/\/smartit.coop\/life-is-live\/wp-json\/wp\/v2\/pages\/389\/revisions\/2091"}],"wp:featuredmedia":[{"embeddable":true,"href":"https:\/\/smartit.coop\/life-is-live\/wp-json\/wp\/v2\/media\/518"}],"wp:attachment":[{"href":"https:\/\/smartit.coop\/life-is-live\/wp-json\/wp\/v2\/media?parent=389"}],"curies":[{"name":"wp","href":"https:\/\/api.w.org\/{rel}","templated":true}]}}